{"id":2157,"date":"2026-03-30T15:39:13","date_gmt":"2026-03-30T15:39:13","guid":{"rendered":"https:\/\/fanclub-appenzell.ch\/?page_id=2157"},"modified":"2026-03-30T16:37:29","modified_gmt":"2026-03-30T16:37:29","slug":"unsere-unihockey-truppe","status":"publish","type":"page","link":"https:\/\/fanclub-appenzell.ch\/?page_id=2157","title":{"rendered":"Unsere Unihockey-Truppe"},"content":{"rendered":"\n<figure class=\"wp-block-image size-large\"><a href=\"https:\/\/fanclub-appenzell.ch\/wp-content\/uploads\/2026\/03\/1997-2048x1441-1.jpeg\"><img loading=\"lazy\" decoding=\"async\" width=\"1024\" height=\"721\" src=\"https:\/\/fanclub-appenzell.ch\/wp-content\/uploads\/2026\/03\/1997-2048x1441-1-1024x721.jpeg\" alt=\"\" class=\"wp-image-2160\" srcset=\"https:\/\/fanclub-appenzell.ch\/wp-content\/uploads\/2026\/03\/1997-2048x1441-1-1024x721.jpeg 1024w, https:\/\/fanclub-appenzell.ch\/wp-content\/uploads\/2026\/03\/1997-2048x1441-1-300x211.jpeg 300w, https:\/\/fanclub-appenzell.ch\/wp-content\/uploads\/2026\/03\/1997-2048x1441-1-768x540.jpeg 768w, https:\/\/fanclub-appenzell.ch\/wp-content\/uploads\/2026\/03\/1997-2048x1441-1-1536x1081.jpeg 1536w, https:\/\/fanclub-appenzell.ch\/wp-content\/uploads\/2026\/03\/1997-2048x1441-1.jpeg 2048w\" sizes=\"(max-width: 1024px) 100vw, 1024px\" \/><\/a><\/figure>\n\n\n\n<p>1995 nahmen wir zum ersten Mal an einem Unihockey-Turnier teil. Der erreichte Rang in Bronschhofen ist nicht mehr bekannt, daf\u00fcr die illustre Truppe: vl Riba, Paul, S\u00e4ntis, Rubio, Jogi<\/p>\n\n\n\n<figure class=\"wp-block-image size-large\"><a href=\"https:\/\/fanclub-appenzell.ch\/wp-content\/uploads\/2026\/03\/IMG_0866-1554x2048-1.jpeg\"><img loading=\"lazy\" decoding=\"async\" width=\"777\" height=\"1024\" src=\"https:\/\/fanclub-appenzell.ch\/wp-content\/uploads\/2026\/03\/IMG_0866-1554x2048-1-777x1024.jpeg\" alt=\"\" class=\"wp-image-2162\" srcset=\"https:\/\/fanclub-appenzell.ch\/wp-content\/uploads\/2026\/03\/IMG_0866-1554x2048-1-777x1024.jpeg 777w, https:\/\/fanclub-appenzell.ch\/wp-content\/uploads\/2026\/03\/IMG_0866-1554x2048-1-228x300.jpeg 228w, https:\/\/fanclub-appenzell.ch\/wp-content\/uploads\/2026\/03\/IMG_0866-1554x2048-1-768x1012.jpeg 768w, https:\/\/fanclub-appenzell.ch\/wp-content\/uploads\/2026\/03\/IMG_0866-1554x2048-1-1166x1536.jpeg 1166w, https:\/\/fanclub-appenzell.ch\/wp-content\/uploads\/2026\/03\/IMG_0866-1554x2048-1.jpeg 1554w\" sizes=\"(max-width: 777px) 100vw, 777px\" \/><\/a><\/figure>\n\n\n\n<figure class=\"wp-block-image size-large\"><a href=\"https:\/\/fanclub-appenzell.ch\/wp-content\/uploads\/2026\/03\/IMG_1116.jpeg\"><img loading=\"lazy\" decoding=\"async\" width=\"769\" height=\"1024\" src=\"https:\/\/fanclub-appenzell.ch\/wp-content\/uploads\/2026\/03\/IMG_1116-769x1024.jpeg\" alt=\"\" class=\"wp-image-2171\" srcset=\"https:\/\/fanclub-appenzell.ch\/wp-content\/uploads\/2026\/03\/IMG_1116-769x1024.jpeg 769w, https:\/\/fanclub-appenzell.ch\/wp-content\/uploads\/2026\/03\/IMG_1116-225x300.jpeg 225w, https:\/\/fanclub-appenzell.ch\/wp-content\/uploads\/2026\/03\/IMG_1116-768x1023.jpeg 768w, https:\/\/fanclub-appenzell.ch\/wp-content\/uploads\/2026\/03\/IMG_1116-1153x1536.jpeg 1153w, https:\/\/fanclub-appenzell.ch\/wp-content\/uploads\/2026\/03\/IMG_1116.jpeg 1206w\" sizes=\"(max-width: 769px) 100vw, 769px\" \/><\/a><\/figure>\n\n\n\n<p>Weiter gings mit vielen spannenden Turnieren in der Ostschweiz und im Kanton Z\u00fcrich. H\u00f6hepunkte waren die Siege im Oktober 2002 in Rheinau mit einem Torverh\u00e4ltnis von 23:2, es spielten Paul Steiger als Goalie, Conny Ochsner, Kevin von K\u00e4nel, Michael Schenkel, S\u00e4ntis und auch 2004 in R\u00fcmlang gelang uns ein Turniersieg mit Ruedi Kauflin, J\u00f6rg Suter, Beni M\u00fcller, Roger Steiger und S\u00e4ntis als Goalie. Nachher verschwanden leider die vielen Turniere bis zu unserem Comeback 2024.<\/p>\n\n\n\n<figure class=\"wp-block-image size-large\"><a href=\"https:\/\/fanclub-appenzell.ch\/wp-content\/uploads\/2026\/03\/68a25deb-e6bf-41a4-8473-84079a6c9121.jpg\"><img loading=\"lazy\" decoding=\"async\" width=\"771\" height=\"1024\" src=\"https:\/\/fanclub-appenzell.ch\/wp-content\/uploads\/2026\/03\/68a25deb-e6bf-41a4-8473-84079a6c9121-771x1024.jpg\" alt=\"\" class=\"wp-image-2163\" srcset=\"https:\/\/fanclub-appenzell.ch\/wp-content\/uploads\/2026\/03\/68a25deb-e6bf-41a4-8473-84079a6c9121-771x1024.jpg 771w, https:\/\/fanclub-appenzell.ch\/wp-content\/uploads\/2026\/03\/68a25deb-e6bf-41a4-8473-84079a6c9121-226x300.jpg 226w, https:\/\/fanclub-appenzell.ch\/wp-content\/uploads\/2026\/03\/68a25deb-e6bf-41a4-8473-84079a6c9121-768x1021.jpg 768w, https:\/\/fanclub-appenzell.ch\/wp-content\/uploads\/2026\/03\/68a25deb-e6bf-41a4-8473-84079a6c9121-1156x1536.jpg 1156w, https:\/\/fanclub-appenzell.ch\/wp-content\/uploads\/2026\/03\/68a25deb-e6bf-41a4-8473-84079a6c9121.jpg 1204w\" sizes=\"(max-width: 771px) 100vw, 771px\" \/><\/a><\/figure>\n\n\n\n<p>Nach vielen Jahren meldeten wir unsere erste Teilnahme am Wildh\u00e4ri-Turnier in Interlaken. Den 20. Rang von gesch\u00e4tzt 79 Teams errangen: oben vl Rene, Patrick, Markus, Mario, unten vl Brigitte, S\u00e4xu, Denise, Rilana<\/p>\n\n\n\n<figure class=\"wp-block-image size-large\"><a href=\"https:\/\/fanclub-appenzell.ch\/wp-content\/uploads\/2026\/03\/524392711_24300644259569419_97539040011868296_n.jpg\"><img loading=\"lazy\" decoding=\"async\" width=\"1024\" height=\"768\" src=\"https:\/\/fanclub-appenzell.ch\/wp-content\/uploads\/2026\/03\/524392711_24300644259569419_97539040011868296_n-1024x768.jpg\" alt=\"\" class=\"wp-image-2164\" srcset=\"https:\/\/fanclub-appenzell.ch\/wp-content\/uploads\/2026\/03\/524392711_24300644259569419_97539040011868296_n-1024x768.jpg 1024w, https:\/\/fanclub-appenzell.ch\/wp-content\/uploads\/2026\/03\/524392711_24300644259569419_97539040011868296_n-300x225.jpg 300w, https:\/\/fanclub-appenzell.ch\/wp-content\/uploads\/2026\/03\/524392711_24300644259569419_97539040011868296_n-768x576.jpg 768w, https:\/\/fanclub-appenzell.ch\/wp-content\/uploads\/2026\/03\/524392711_24300644259569419_97539040011868296_n.jpg 1429w\" sizes=\"(max-width: 1024px) 100vw, 1024px\" \/><\/a><\/figure>\n\n\n\n<p>Auch 2025 waren wir wieder dabei, diesmal in unseren aufsehenerregenden Trikots. Den 13.Rang erspielten: oben vl Aliena, Berni, Casa, S\u00e4ntis, Rilana, Patrick, unten vl Markus, Flip, S\u00e4xu, Brigitte. Auch in Zukunft werden wir gerne dieses Turnier wieder beehren.<\/p>\n","protected":false},"excerpt":{"rendered":"<p>1995 nahmen wir zum ersten Mal an einem Unihockey-Turnier teil. Der erreichte Rang in Bronschhofen ist nicht mehr bekannt, daf\u00fcr die illustre Truppe: vl Riba, Paul, S\u00e4ntis, Rubio, Jogi Weiter gings mit vielen spannenden Turnieren in der Ostschweiz und im Kanton Z\u00fcrich. H\u00f6hepunkte waren die Siege im Oktober 2002 in Rheinau mit einem Torverh\u00e4ltnis von &hellip; <a href=\"https:\/\/fanclub-appenzell.ch\/?page_id=2157\" class=\"more-link\"><span class=\"screen-reader-text\">Unsere Unihockey-Truppe<\/span> weiterlesen<\/a><\/p>\n","protected":false},"author":5,"featured_media":0,"parent":0,"menu_order":0,"comment_status":"closed","ping_status":"closed","template":"","meta":{"footnotes":""},"_links":{"self":[{"href":"https:\/\/fanclub-appenzell.ch\/index.php?rest_route=\/wp\/v2\/pages\/2157"}],"collection":[{"href":"https:\/\/fanclub-appenzell.ch\/index.php?rest_route=\/wp\/v2\/pages"}],"about":[{"href":"https:\/\/fanclub-appenzell.ch\/index.php?rest_route=\/wp\/v2\/types\/page"}],"author":[{"embeddable":true,"href":"https:\/\/fanclub-appenzell.ch\/index.php?rest_route=\/wp\/v2\/users\/5"}],"replies":[{"embeddable":true,"href":"https:\/\/fanclub-appenzell.ch\/index.php?rest_route=%2Fwp%2Fv2%2Fcomments&post=2157"}],"version-history":[{"count":4,"href":"https:\/\/fanclub-appenzell.ch\/index.php?rest_route=\/wp\/v2\/pages\/2157\/revisions"}],"predecessor-version":[{"id":2173,"href":"https:\/\/fanclub-appenzell.ch\/index.php?rest_route=\/wp\/v2\/pages\/2157\/revisions\/2173"}],"wp:attachment":[{"href":"https:\/\/fanclub-appenzell.ch\/index.php?rest_route=%2Fwp%2Fv2%2Fmedia&parent=2157"}],"curies":[{"name":"wp","href":"https:\/\/api.w.org\/{rel}","templated":true}]}}