{"id":96,"date":"2016-02-01T08:29:02","date_gmt":"2016-02-01T08:29:02","guid":{"rendered":"http:\/\/fanclub-appenzell.ch\/?page_id=96"},"modified":"2026-03-30T15:01:21","modified_gmt":"2026-03-30T15:01:21","slug":"unser-hockeyteam","status":"publish","type":"page","link":"https:\/\/fanclub-appenzell.ch\/?page_id=96","title":{"rendered":"Unser Hockeyteam"},"content":{"rendered":"\n<p><strong>Schweizer Meister 2004, 2005, 2010, 2013<\/strong><\/p>\n\n\n\n<p>2004 in Wetzikon, leider gibts kein Bild, es spielten: Roger Lieberherr; Regula Zeller, Avni Emini; Daniela Lieberherr, Daniel Cadruvi, Marco Embacher; Kim Roger, Peter Wartmann; Andrea Bernhard, Mario Guler, Michi Guler, Staff: Natascha Noser, S\u00e4ntis<\/p>\n\n\n<div class=\"wp-block-image\">\n<figure class=\"aligncenter\"><a href=\"https:\/\/marcomaier.ch\/bkp\/fanclub-appenzell.ch\/wp-content\/uploads\/2016\/02\/1916960_1180507803437_2213707_n.jpg\"><img loading=\"lazy\" decoding=\"async\" width=\"604\" height=\"454\" src=\"https:\/\/marcomaier.ch\/bkp\/fanclub-appenzell.ch\/wp-content\/uploads\/2016\/02\/1916960_1180507803437_2213707_n.jpg\" alt=\"\" class=\"wp-image-538\" srcset=\"https:\/\/fanclub-appenzell.ch\/wp-content\/uploads\/2016\/02\/1916960_1180507803437_2213707_n.jpg 604w, https:\/\/fanclub-appenzell.ch\/wp-content\/uploads\/2016\/02\/1916960_1180507803437_2213707_n-300x225.jpg 300w\" sizes=\"(max-width: 604px) 100vw, 604px\" \/><\/a><figcaption class=\"wp-element-caption\"><strong>2005 in Garmisch<\/strong><\/figcaption><\/figure><\/div>\n\n<div class=\"wp-block-image\">\n<figure class=\"aligncenter\"><a href=\"https:\/\/marcomaier.ch\/bkp\/fanclub-appenzell.ch\/wp-content\/uploads\/2016\/02\/IMG_1198.jpg\"><img loading=\"lazy\" decoding=\"async\" width=\"1024\" height=\"705\" src=\"https:\/\/marcomaier.ch\/bkp\/fanclub-appenzell.ch\/wp-content\/uploads\/2016\/02\/IMG_1198-1024x705.jpg\" alt=\"\" class=\"wp-image-467\" srcset=\"https:\/\/fanclub-appenzell.ch\/wp-content\/uploads\/2016\/02\/IMG_1198-1024x705.jpg 1024w, https:\/\/fanclub-appenzell.ch\/wp-content\/uploads\/2016\/02\/IMG_1198-300x206.jpg 300w, https:\/\/fanclub-appenzell.ch\/wp-content\/uploads\/2016\/02\/IMG_1198-768x529.jpg 768w\" sizes=\"(max-width: 1024px) 100vw, 1024px\" \/><\/a><figcaption class=\"wp-element-caption\"><strong>2010 in Grindelwald<\/strong><\/figcaption><\/figure><\/div>\n\n<div class=\"wp-block-image\">\n<figure class=\"aligncenter\"><a href=\"https:\/\/marcomaier.ch\/bkp\/fanclub-appenzell.ch\/wp-content\/uploads\/2016\/02\/IMG_0672.jpg\"><img loading=\"lazy\" decoding=\"async\" width=\"1024\" height=\"768\" src=\"https:\/\/marcomaier.ch\/bkp\/fanclub-appenzell.ch\/wp-content\/uploads\/2016\/02\/IMG_0672-1024x768.jpg\" alt=\"\" class=\"wp-image-468\" srcset=\"https:\/\/fanclub-appenzell.ch\/wp-content\/uploads\/2016\/02\/IMG_0672-1024x768.jpg 1024w, https:\/\/fanclub-appenzell.ch\/wp-content\/uploads\/2016\/02\/IMG_0672-300x225.jpg 300w, https:\/\/fanclub-appenzell.ch\/wp-content\/uploads\/2016\/02\/IMG_0672-768x576.jpg 768w\" sizes=\"(max-width: 1024px) 100vw, 1024px\" \/><\/a><figcaption class=\"wp-element-caption\"><strong>2013 in D\u00fcbendorf<\/strong><\/figcaption><\/figure><\/div>\n\n\n<p><strong>2. Rang 2012, 2014<\/strong><\/p>\n\n\n\n<p><strong>3. Rang 2011, 2015, 2017<\/strong><\/p>\n\n\n\n<p><strong>Auszeichnung f\u00fcr die meisten Tore an der SM<\/strong><\/p>\n\n\n\n<p><strong>2004, 2005, 2007, 2010, 2011, 2012, 2014<\/strong><\/p>\n\n\n\n<p><strong>Torsch\u00fctzenk\u00f6nig an der SM<\/strong><\/p>\n\n\n\n<p><strong>2004, 2005 Michi Guler, 2010, 2011, 2012 Dani Cadruvi, 2014, 2015 Mirco Oswald<\/strong><\/p>\n\n\n\n<p><strong>bester Goalie an der SM<\/strong><\/p>\n\n\n\n<p><strong>2013 Manuela Bianconi<\/strong><\/p>\n\n\n\n<p><strong>Fairnesspokal an der SM 2023<\/strong><\/p>\n\n\n\n<p><strong>Turnier Weinfelden 1.Rang 2008<\/strong><\/p>\n\n\n\n<p><strong>Turnier B\u00e4retswil 1.Rang 2010, 2012, 2013<\/strong><\/p>\n\n\n<div class=\"wp-block-image\">\n<figure class=\"aligncenter\"><a href=\"https:\/\/marcomaier.ch\/bkp\/fanclub-appenzell.ch\/wp-content\/uploads\/2016\/02\/IMG_0276-Arbeitskopie-2.jpg\"><img loading=\"lazy\" decoding=\"async\" width=\"1024\" height=\"634\" src=\"https:\/\/marcomaier.ch\/bkp\/fanclub-appenzell.ch\/wp-content\/uploads\/2016\/02\/IMG_0276-Arbeitskopie-2-1024x634.jpg\" alt=\"\" class=\"wp-image-469\" srcset=\"https:\/\/fanclub-appenzell.ch\/wp-content\/uploads\/2016\/02\/IMG_0276-Arbeitskopie-2-1024x634.jpg 1024w, https:\/\/fanclub-appenzell.ch\/wp-content\/uploads\/2016\/02\/IMG_0276-Arbeitskopie-2-300x186.jpg 300w, https:\/\/fanclub-appenzell.ch\/wp-content\/uploads\/2016\/02\/IMG_0276-Arbeitskopie-2-768x475.jpg 768w, https:\/\/fanclub-appenzell.ch\/wp-content\/uploads\/2016\/02\/IMG_0276-Arbeitskopie-2-825x510.jpg 825w\" sizes=\"(max-width: 1024px) 100vw, 1024px\" \/><\/a><\/figure><\/div>\n\n\n<p>Das Team befindet sich zur Zeit im Umbruch, die neuen Spielerinnen und Spieler werden laufend hier vorgestellt<\/p>\n\n\n\n<p><strong>Katja Lenggenhager &nbsp;<\/strong>Goalie seit 2024<\/p>\n\n\n\n<p>die Neue &#8211; zum ersten Mal dabei und sofort begeistert von unserer Truppe, wird auch in Zukunft bestens unseren Kasten h\u00fcten<\/p>\n\n\n\n<figure class=\"wp-block-image size-large\"><a href=\"https:\/\/fanclub-appenzell.ch\/wp-content\/uploads\/2026\/03\/IMG_1094-1-scaled.jpeg\"><img loading=\"lazy\" decoding=\"async\" width=\"768\" height=\"1024\" src=\"https:\/\/fanclub-appenzell.ch\/wp-content\/uploads\/2026\/03\/IMG_1094-1-768x1024.jpeg\" alt=\"\" class=\"wp-image-2145\" srcset=\"https:\/\/fanclub-appenzell.ch\/wp-content\/uploads\/2026\/03\/IMG_1094-1-768x1024.jpeg 768w, https:\/\/fanclub-appenzell.ch\/wp-content\/uploads\/2026\/03\/IMG_1094-1-225x300.jpeg 225w, https:\/\/fanclub-appenzell.ch\/wp-content\/uploads\/2026\/03\/IMG_1094-1-1152x1536.jpeg 1152w, https:\/\/fanclub-appenzell.ch\/wp-content\/uploads\/2026\/03\/IMG_1094-1-1536x2048.jpeg 1536w, https:\/\/fanclub-appenzell.ch\/wp-content\/uploads\/2026\/03\/IMG_1094-1-scaled.jpeg 1920w\" sizes=\"(max-width: 768px) 100vw, 768px\" \/><\/a><\/figure>\n\n\n\n<p><strong>Sabrina Uebersax &nbsp;<\/strong>Verteidiger seit 2017<\/p>\n\n\n\n<p>die Stimmungskanone &#8211; ist immer fr\u00f6hlich und steckt alle mit ihrem Lachen an, auf dem Eis eine prima Verst\u00e4rkung<\/p>\n\n\n\n<figure class=\"wp-block-image\"><img loading=\"lazy\" decoding=\"async\" width=\"768\" height=\"1024\" src=\"https:\/\/marcomaier.ch\/bkp\/fanclub-appenzell.ch\/wp-content\/uploads\/2024\/03\/IMG_0466-6-768x1024.jpeg\" alt=\"\" class=\"wp-image-1638\" srcset=\"https:\/\/fanclub-appenzell.ch\/wp-content\/uploads\/2024\/03\/IMG_0466-6-768x1024.jpeg 768w, https:\/\/fanclub-appenzell.ch\/wp-content\/uploads\/2024\/03\/IMG_0466-6-225x300.jpeg 225w\" sizes=\"(max-width: 768px) 100vw, 768px\" \/><\/figure>\n\n\n\n<p><strong>Ursina Triet &nbsp;<\/strong>Verteidiger seit 2005<\/p>\n\n\n\n<p>das Comeback &#8211; es isch nie zspoot f\u00fcr es Comeback und deshalb freuen wir uns ganz besonders, Ursina wieder bei uns zu haben<\/p>\n\n\n\n<figure class=\"wp-block-image\"><img loading=\"lazy\" decoding=\"async\" width=\"638\" height=\"1024\" src=\"https:\/\/marcomaier.ch\/bkp\/fanclub-appenzell.ch\/wp-content\/uploads\/2024\/03\/IMG_2360-638x1024.jpg\" alt=\"\" class=\"wp-image-1647\" srcset=\"https:\/\/fanclub-appenzell.ch\/wp-content\/uploads\/2024\/03\/IMG_2360-638x1024.jpg 638w, https:\/\/fanclub-appenzell.ch\/wp-content\/uploads\/2024\/03\/IMG_2360-187x300.jpg 187w, https:\/\/fanclub-appenzell.ch\/wp-content\/uploads\/2024\/03\/IMG_2360-768x1232.jpg 768w, https:\/\/fanclub-appenzell.ch\/wp-content\/uploads\/2024\/03\/IMG_2360.jpg 1075w\" sizes=\"(max-width: 638px) 100vw, 638px\" \/><\/figure>\n\n\n\n<p><\/p>\n\n\n\n<p><strong>Brigitte Grond<\/strong> &nbsp;Verteidiger seit 2017<\/p>\n\n\n\n<p>die Erfahrene &#8211; langj\u00e4hrige Erfahrung als Spielerin und Schiri, ihre Routine passt perfekt ins Team<\/p>\n\n\n\n<p><strong>Christian Wenzin<\/strong> &nbsp;Verteidiger seit 2009<\/p>\n\n\n\n<p>der Leader &#8211; der wohl beste Spieler aller SM-Teams, ein begnadeter Schlittschuhl\u00e4ufer und Stocktechniker, setzt einem starken Team noch die Krone auf<\/p>\n\n\n\n<figure class=\"wp-block-image\"><a href=\"https:\/\/marcomaier.ch\/bkp\/fanclub-appenzell.ch\/wp-content\/uploads\/2016\/02\/DSC_0404.jpg\"><img loading=\"lazy\" decoding=\"async\" width=\"762\" height=\"1024\" src=\"https:\/\/marcomaier.ch\/bkp\/fanclub-appenzell.ch\/wp-content\/uploads\/2016\/02\/DSC_0404-762x1024.jpg\" alt=\"DSC_0404\" class=\"wp-image-251\" srcset=\"https:\/\/fanclub-appenzell.ch\/wp-content\/uploads\/2016\/02\/DSC_0404-762x1024.jpg 762w, https:\/\/fanclub-appenzell.ch\/wp-content\/uploads\/2016\/02\/DSC_0404-223x300.jpg 223w, https:\/\/fanclub-appenzell.ch\/wp-content\/uploads\/2016\/02\/DSC_0404-768x1032.jpg 768w, https:\/\/fanclub-appenzell.ch\/wp-content\/uploads\/2016\/02\/DSC_0404.jpg 1641w\" sizes=\"(max-width: 762px) 100vw, 762px\" \/><\/a><\/figure>\n\n\n\n<p><strong>Marco Frischknecht<\/strong> &nbsp;Verteidiger seit 2006<\/p>\n\n\n\n<p>der Captain &#8211; der schnellste Spieler im Team, ein Teamplayer auf und neben dem Eis und der Spezialist f\u00fcr Plan B<\/p>\n\n\n\n<figure class=\"wp-block-image\"><a href=\"https:\/\/marcomaier.ch\/bkp\/fanclub-appenzell.ch\/wp-content\/uploads\/2016\/02\/DSC_0194.jpg\"><img loading=\"lazy\" decoding=\"async\" width=\"798\" height=\"1024\" src=\"https:\/\/marcomaier.ch\/bkp\/fanclub-appenzell.ch\/wp-content\/uploads\/2016\/02\/DSC_0194-798x1024.jpg\" alt=\"DSC_0194\" class=\"wp-image-252\" srcset=\"https:\/\/fanclub-appenzell.ch\/wp-content\/uploads\/2016\/02\/DSC_0194-798x1024.jpg 798w, https:\/\/fanclub-appenzell.ch\/wp-content\/uploads\/2016\/02\/DSC_0194-234x300.jpg 234w, https:\/\/fanclub-appenzell.ch\/wp-content\/uploads\/2016\/02\/DSC_0194-768x985.jpg 768w, https:\/\/fanclub-appenzell.ch\/wp-content\/uploads\/2016\/02\/DSC_0194.jpg 1954w\" sizes=\"(max-width: 798px) 100vw, 798px\" \/><\/a><\/figure>\n\n\n\n<p><strong>Mario Gerber<\/strong>  Verteidiger seit 2026<\/p>\n\n\n\n<p>die Mauer &#8211; ein guter und konsequenter Abwehrchef, passt bestens zu unserer Truppe<\/p>\n\n\n\n<p><strong>Regula Zeller<\/strong> &nbsp;St\u00fcrmer seit 2004<\/p>\n\n\n\n<p>die gute Seele &#8211; in jedem Spiel 150 Prozent Einsatz, wirft sich in Sch\u00fcsse und Gegner, neben dem Eis immer ein fr\u00f6hlicher Farbtupfer<\/p>\n\n\n\n<figure class=\"wp-block-image\"><a href=\"https:\/\/marcomaier.ch\/bkp\/fanclub-appenzell.ch\/wp-content\/uploads\/2016\/02\/DSC_0127.jpg\" rel=\"attachment wp-att-103\"><img loading=\"lazy\" decoding=\"async\" width=\"737\" height=\"1024\" src=\"https:\/\/marcomaier.ch\/bkp\/fanclub-appenzell.ch\/wp-content\/uploads\/2016\/02\/DSC_0127-737x1024.jpg\" alt=\"DSC_0127\" class=\"wp-image-103\" srcset=\"https:\/\/fanclub-appenzell.ch\/wp-content\/uploads\/2016\/02\/DSC_0127-737x1024.jpg 737w, https:\/\/fanclub-appenzell.ch\/wp-content\/uploads\/2016\/02\/DSC_0127-216x300.jpg 216w, https:\/\/fanclub-appenzell.ch\/wp-content\/uploads\/2016\/02\/DSC_0127-768x1067.jpg 768w\" sizes=\"(max-width: 737px) 100vw, 737px\" \/><\/a><\/figure>\n\n\n\n<p><strong>Barbara Tanner  <\/strong>St\u00fcrmer seit 2017<\/p>\n\n\n\n<p>die Mama &#8211; gibt immer Vollgas auf dem Eis und wird gerne von ihrer Familie angefeuert<\/p>\n\n\n\n<figure class=\"wp-block-image\"><img loading=\"lazy\" decoding=\"async\" width=\"1024\" height=\"768\" src=\"https:\/\/marcomaier.ch\/bkp\/fanclub-appenzell.ch\/wp-content\/uploads\/2024\/03\/IMG_0468-2-1024x768.jpeg\" alt=\"\" class=\"wp-image-1642\" srcset=\"https:\/\/fanclub-appenzell.ch\/wp-content\/uploads\/2024\/03\/IMG_0468-2-1024x768.jpeg 1024w, https:\/\/fanclub-appenzell.ch\/wp-content\/uploads\/2024\/03\/IMG_0468-2-300x225.jpeg 300w, https:\/\/fanclub-appenzell.ch\/wp-content\/uploads\/2024\/03\/IMG_0468-2-768x576.jpeg 768w\" sizes=\"(max-width: 1024px) 100vw, 1024px\" \/><\/figure>\n\n\n\n<p><strong>Denise Gerber &nbsp;<\/strong>St\u00fcrmer seit 2024<\/p>\n\n\n\n<p>der K\u00f6nigstransfer &#8211; passt perfekt ins Team und traf bei der ersten Teilnahme schon zwei Mal ins Schwarze<\/p>\n\n\n\n<p><strong>Samira D\u00e4hler &nbsp;<\/strong>St\u00fcrmer seit 2024<\/p>\n\n\n\n<p>die Fleissige &#8211; grosser Einsatz und grosses Engagement auf und neben dem Eis, immer fr\u00f6hlich und aufgestellt<\/p>\n\n\n\n<p><strong>Tamara Bader<\/strong>  St\u00fcrmer seit 2025<\/p>\n\n\n\n<p>die Flinke &#8211; immer in Bewegung und immer motiviert, zeigt grossen Einsatz auf dem Eis<\/p>\n\n\n\n<p><strong>Markus B\u00fcchler<\/strong> &nbsp;St\u00fcrmer seit 2017<\/p>\n\n\n\n<p>der Newcomer &#8211; unheimliche Fortschritte in letzter Zeit, der perfekte Fl\u00fcgel, hinten und vorne f\u00fcr die &#8222;Drecksarbeit&#8220; zust\u00e4ndig<\/p>\n\n\n<div class=\"wp-block-image\">\n<figure class=\"aligncenter\"><a href=\"https:\/\/marcomaier.ch\/bkp\/fanclub-appenzell.ch\/wp-content\/uploads\/2016\/02\/IMG_0604.jpg\"><img loading=\"lazy\" decoding=\"async\" width=\"768\" height=\"1024\" src=\"https:\/\/marcomaier.ch\/bkp\/fanclub-appenzell.ch\/wp-content\/uploads\/2016\/02\/IMG_0604-768x1024.jpg\" alt=\"\" class=\"wp-image-523\" srcset=\"https:\/\/fanclub-appenzell.ch\/wp-content\/uploads\/2016\/02\/IMG_0604-768x1024.jpg 768w, https:\/\/fanclub-appenzell.ch\/wp-content\/uploads\/2016\/02\/IMG_0604-225x300.jpg 225w\" sizes=\"(max-width: 768px) 100vw, 768px\" \/><\/a><\/figure><\/div>\n\n\n<p><strong>Patrick Haug<\/strong> St\u00fcrmer seit 2017<\/p>\n\n\n\n<p>der Routinier &#8211; grosse Erfahrung und grosse Verst\u00e4rkung f\u00fcrs Team, l\u00e4uferisch und stocktechnisch herausragend und mit guter \u00dcbersicht<\/p>\n\n\n\n<figure class=\"wp-block-image\"><img loading=\"lazy\" decoding=\"async\" width=\"1024\" height=\"768\" src=\"https:\/\/marcomaier.ch\/bkp\/fanclub-appenzell.ch\/wp-content\/uploads\/2024\/03\/IMG_0467-1024x768.jpeg\" alt=\"\" class=\"wp-image-1640\" srcset=\"https:\/\/fanclub-appenzell.ch\/wp-content\/uploads\/2024\/03\/IMG_0467-1024x768.jpeg 1024w, https:\/\/fanclub-appenzell.ch\/wp-content\/uploads\/2024\/03\/IMG_0467-300x225.jpeg 300w, https:\/\/fanclub-appenzell.ch\/wp-content\/uploads\/2024\/03\/IMG_0467-768x576.jpeg 768w\" sizes=\"(max-width: 1024px) 100vw, 1024px\" \/><\/figure>\n\n\n\n<p><strong>Reto Casagrande<\/strong> &nbsp;St\u00fcrmer seit 2006, Coach seit 2023<\/p>\n\n\n\n<p>der &#8222;Dani Peer&#8220; &#8211; zwar nicht mehr der schnellste aber \u00dcbersicht und Stock-Handling sind nach wie vor Klasse und auch die wichtigen Tore gelingen immer wieder.  Ist nun f\u00fcr das Coaching zust\u00e4ndig, hilft aber nach wie vor auf dem Eis aus<\/p>\n\n\n\n<figure class=\"wp-block-image\"><a href=\"https:\/\/marcomaier.ch\/bkp\/fanclub-appenzell.ch\/wp-content\/uploads\/2016\/02\/DSC_0179-Arbeitskopie-2.jpg\" rel=\"attachment wp-att-104\"><img loading=\"lazy\" decoding=\"async\" width=\"497\" height=\"1024\" src=\"https:\/\/marcomaier.ch\/bkp\/fanclub-appenzell.ch\/wp-content\/uploads\/2016\/02\/DSC_0179-Arbeitskopie-2-497x1024.jpg\" alt=\"DSC_0179 - Arbeitskopie 2\" class=\"wp-image-104\" srcset=\"https:\/\/fanclub-appenzell.ch\/wp-content\/uploads\/2016\/02\/DSC_0179-Arbeitskopie-2-497x1024.jpg 497w, https:\/\/fanclub-appenzell.ch\/wp-content\/uploads\/2016\/02\/DSC_0179-Arbeitskopie-2-146x300.jpg 146w, https:\/\/fanclub-appenzell.ch\/wp-content\/uploads\/2016\/02\/DSC_0179-Arbeitskopie-2.jpg 699w\" sizes=\"(max-width: 497px) 100vw, 497px\" \/><\/a><\/figure>\n\n\n\n<p><strong>Peter Frischknecht<\/strong> &nbsp;St\u00fcrmer seit 2006<\/p>\n\n\n\n<p>der Untersch\u00e4tzte &#8211; hat grosses Potential nach oben, ist aufgrund seiner Erfahrung ein wertvoller Center<\/p>\n\n\n\n<figure class=\"wp-block-image\"><img loading=\"lazy\" decoding=\"async\" width=\"1024\" height=\"768\" src=\"https:\/\/marcomaier.ch\/bkp\/fanclub-appenzell.ch\/wp-content\/uploads\/2024\/03\/IMG_0465-1024x768.jpeg\" alt=\"\" class=\"wp-image-1646\" srcset=\"https:\/\/fanclub-appenzell.ch\/wp-content\/uploads\/2024\/03\/IMG_0465-1024x768.jpeg 1024w, https:\/\/fanclub-appenzell.ch\/wp-content\/uploads\/2024\/03\/IMG_0465-300x225.jpeg 300w, https:\/\/fanclub-appenzell.ch\/wp-content\/uploads\/2024\/03\/IMG_0465-768x576.jpeg 768w\" sizes=\"(max-width: 1024px) 100vw, 1024px\" \/><\/figure>\n\n\n\n<p><strong>Philipp Brunner &nbsp;<\/strong>St\u00fcrmer seit 2024<\/p>\n\n\n\n<p>der Schiri &#8211; einer der besten und bekanntesten Schiedsrichter im Amateurbereich m\u00f6chte nun die Gegenseite testen und spielt mit grosser Freude bei uns mit<\/p>\n\n\n\n<figure class=\"wp-block-image\"><img loading=\"lazy\" decoding=\"async\" width=\"1024\" height=\"768\" src=\"https:\/\/marcomaier.ch\/bkp\/fanclub-appenzell.ch\/wp-content\/uploads\/2024\/03\/IMG_0464-1024x768.jpeg\" alt=\"\" class=\"wp-image-1639\" srcset=\"https:\/\/fanclub-appenzell.ch\/wp-content\/uploads\/2024\/03\/IMG_0464-1024x768.jpeg 1024w, https:\/\/fanclub-appenzell.ch\/wp-content\/uploads\/2024\/03\/IMG_0464-300x225.jpeg 300w, https:\/\/fanclub-appenzell.ch\/wp-content\/uploads\/2024\/03\/IMG_0464-768x576.jpeg 768w\" sizes=\"(max-width: 1024px) 100vw, 1024px\" \/><\/figure>\n\n\n\n<p><strong>Patrick Bertsch<\/strong>  St\u00fcrmer seit 2019<\/p>\n\n\n\n<p>der Trainer &#8211; sein grosses und erfolgreiches Engagement im Frauenhockey wird sich auch bei uns mit Sicherheit bemerkbar machen<\/p>\n\n\n\n<p><strong>Severin Arpagaus<\/strong>  St\u00fcrmer seit 2025<\/p>\n\n\n\n<p>der Turbo &#8211; mit seiner Gr\u00f6sse und seinem Tempo eine perfekte Verst\u00e4rkung<\/p>\n\n\n\n<p><strong>Berni Jaffer<\/strong> &nbsp;Teammanager<\/p>\n\n\n\n<p>die Organisatorin &#8211; ist Ansprechperson f\u00fcr alle und hat alles bestens  im Griff<\/p>\n\n\n\n<figure class=\"wp-block-image\"><img loading=\"lazy\" decoding=\"async\" width=\"1024\" height=\"768\" src=\"https:\/\/marcomaier.ch\/bkp\/fanclub-appenzell.ch\/wp-content\/uploads\/2024\/03\/IMG_0469-1024x768.jpeg\" alt=\"\" class=\"wp-image-1643\" srcset=\"https:\/\/fanclub-appenzell.ch\/wp-content\/uploads\/2024\/03\/IMG_0469-1024x768.jpeg 1024w, https:\/\/fanclub-appenzell.ch\/wp-content\/uploads\/2024\/03\/IMG_0469-300x225.jpeg 300w, https:\/\/fanclub-appenzell.ch\/wp-content\/uploads\/2024\/03\/IMG_0469-768x576.jpeg 768w\" sizes=\"(max-width: 1024px) 100vw, 1024px\" \/><\/figure>\n\n\n\n<p><strong>Roland R\u00fcfli<\/strong> \u00a0Ex-Pr\u00e4sident<\/p>\n\n\n\n<p>der Presi &#8211; nach jahrelangem Coachen ist er nun noch als Maskottchen-H\u00fcter und Dreinschw\u00e4tzer t\u00e4tig<\/p>\n\n\n\n<figure class=\"wp-block-image\"><a href=\"https:\/\/marcomaier.ch\/bkp\/fanclub-appenzell.ch\/wp-content\/uploads\/2016\/02\/26138_1395935028983_1550441473_31026779_4623740_n.jpg\"><img loading=\"lazy\" decoding=\"async\" width=\"406\" height=\"720\" src=\"https:\/\/marcomaier.ch\/bkp\/fanclub-appenzell.ch\/wp-content\/uploads\/2016\/02\/26138_1395935028983_1550441473_31026779_4623740_n.jpg\" alt=\"26138_1395935028983_1550441473_31026779_4623740_n\" class=\"wp-image-259\" srcset=\"https:\/\/fanclub-appenzell.ch\/wp-content\/uploads\/2016\/02\/26138_1395935028983_1550441473_31026779_4623740_n.jpg 406w, https:\/\/fanclub-appenzell.ch\/wp-content\/uploads\/2016\/02\/26138_1395935028983_1550441473_31026779_4623740_n-169x300.jpg 169w\" sizes=\"(max-width: 406px) 100vw, 406px\" \/><\/a><\/figure>\n\n\n\n<p>Ehemalige Spieler<\/p>\n\n\n\n<p>Andrea Bernhard &nbsp;2004 &#8211; 2017<\/p>\n\n\n\n<p>Kim Roger  2004 &#8211; 2017<\/p>\n\n\n\n<p>Roger Lieberherr &nbsp;2004 &#8211; 2015<\/p>\n\n\n\n<p>Dani Cadruvi &nbsp;2004 &#8211; 2015<\/p>\n\n\n\n<p>Avni Emini &nbsp;2004 &#8211; 2014<\/p>\n\n\n\n<p>Peter Wartmann &nbsp;2004 &#8211; 2008<\/p>\n\n\n\n<p>Marco Embacher &nbsp;2004 &#8211; 2005<\/p>\n\n\n\n<p>Mario Guler &nbsp;2004 &#8211; 2005<\/p>\n\n\n\n<p>Michi Guler &nbsp;2004 &#8211; 2005<\/p>\n\n\n\n<p>Ruedi Casagrande &nbsp;2008 &#8211; 2015<\/p>\n\n\n\n<p>Tamara Casagrande &nbsp;2008 &#8211; 2010<\/p>\n\n\n\n<p>Ruth K\u00f6hli &nbsp;2010 &#8211; 2015<\/p>\n\n\n\n<p>Manuela Bianconi &nbsp;2010 &#8211; 2015<\/p>\n\n\n\n<p>Nadja Schmid &nbsp;2010 &#8211; 2012, 2018<\/p>\n\n\n\n<p>Mirco Oswald &nbsp;2014 &#8211; 2015<\/p>\n","protected":false},"excerpt":{"rendered":"<p>Schweizer Meister 2004, 2005, 2010, 2013 2004 in Wetzikon, leider gibts kein Bild, es spielten: Roger Lieberherr; Regula Zeller, Avni Emini; Daniela Lieberherr, Daniel Cadruvi, Marco Embacher; Kim Roger, Peter Wartmann; Andrea Bernhard, Mario Guler, Michi Guler, Staff: Natascha Noser, S\u00e4ntis 2. Rang 2012, 2014 3. Rang 2011, 2015, 2017 Auszeichnung f\u00fcr die meisten Tore &hellip; <a href=\"https:\/\/fanclub-appenzell.ch\/?page_id=96\" class=\"more-link\"><span class=\"screen-reader-text\">Unser Hockeyteam<\/span> weiterlesen<\/a><\/p>\n","protected":false},"author":3,"featured_media":0,"parent":0,"menu_order":0,"comment_status":"closed","ping_status":"closed","template":"","meta":{"footnotes":""},"_links":{"self":[{"href":"https:\/\/fanclub-appenzell.ch\/index.php?rest_route=\/wp\/v2\/pages\/96"}],"collection":[{"href":"https:\/\/fanclub-appenzell.ch\/index.php?rest_route=\/wp\/v2\/pages"}],"about":[{"href":"https:\/\/fanclub-appenzell.ch\/index.php?rest_route=\/wp\/v2\/types\/page"}],"author":[{"embeddable":true,"href":"https:\/\/fanclub-appenzell.ch\/index.php?rest_route=\/wp\/v2\/users\/3"}],"replies":[{"embeddable":true,"href":"https:\/\/fanclub-appenzell.ch\/index.php?rest_route=%2Fwp%2Fv2%2Fcomments&post=96"}],"version-history":[{"count":87,"href":"https:\/\/fanclub-appenzell.ch\/index.php?rest_route=\/wp\/v2\/pages\/96\/revisions"}],"predecessor-version":[{"id":2154,"href":"https:\/\/fanclub-appenzell.ch\/index.php?rest_route=\/wp\/v2\/pages\/96\/revisions\/2154"}],"wp:attachment":[{"href":"https:\/\/fanclub-appenzell.ch\/index.php?rest_route=%2Fwp%2Fv2%2Fmedia&parent=96"}],"curies":[{"name":"wp","href":"https:\/\/api.w.org\/{rel}","templated":true}]}}